{"id":7422,"date":"2024-09-18T10:54:13","date_gmt":"2024-09-18T08:54:13","guid":{"rendered":"https:\/\/female-resources.de\/?page_id=7422"},"modified":"2025-12-29T14:49:32","modified_gmt":"2025-12-29T13:49:32","slug":"impressum","status":"publish","type":"page","link":"https:\/\/female-resources.de\/en\/impressum\/","title":{"rendered":"Impressum"},"content":{"rendered":"<style>.elementor-7422 .elementor-element.elementor-element-19d59c6{--display:flex;--flex-direction:column;--container-widget-width:calc( ( 1 - var( --container-widget-flex-grow ) ) * 100% );--container-widget-height:initial;--container-widget-flex-grow:0;--container-widget-align-self:initial;--flex-wrap-mobile:wrap;--justify-content:center;--align-items:center;--gap:20px 20px;--row-gap:20px;--column-gap:20px;--overlay-opacity:0.2;--margin-top:0px;--margin-bottom:0px;--margin-left:0px;--margin-right:0px;--padding-top:80px;--padding-bottom:160px;--padding-left:0px;--padding-right:0px;}.elementor-7422 .elementor-element.elementor-element-19d59c6:not(.elementor-motion-effects-element-type-background), .elementor-7422 .elementor-element.elementor-element-19d59c6 > .elementor-motion-effects-container > .elementor-motion-effects-layer{background-color:var( --e-global-color-43b528c );}.elementor-7422 .elementor-element.elementor-element-19d59c6::before, .elementor-7422 .elementor-element.elementor-element-19d59c6 > .elementor-background-video-container::before, .elementor-7422 .elementor-element.elementor-element-19d59c6 > .e-con-inner > .elementor-background-video-container::before, .elementor-7422 .elementor-element.elementor-element-19d59c6 > .elementor-background-slideshow::before, .elementor-7422 .elementor-element.elementor-element-19d59c6 > .e-con-inner > .elementor-background-slideshow::before, .elementor-7422 .elementor-element.elementor-element-19d59c6 > .elementor-motion-effects-container > .elementor-motion-effects-layer::before{--background-overlay:'';background-color:#F6F4F4;background-image:url(\"https:\/\/female-resources.de\/wp-content\/uploads\/2025\/07\/Design-ohne-Titel-12.svg\");background-position:-100px 0px;background-repeat:no-repeat;background-size:40% auto;}.elementor-widget-heading .elementor-heading-title{font-family:var( --e-global-typography-primary-font-family ), Sans-serif;font-size:var( --e-global-typography-primary-font-size );font-weight:var( --e-global-typography-primary-font-weight );text-transform:var( --e-global-typography-primary-text-transform );font-style:var( --e-global-typography-primary-font-style );text-decoration:var( --e-global-typography-primary-text-decoration );line-height:var( --e-global-typography-primary-line-height );letter-spacing:var( --e-global-typography-primary-letter-spacing );word-spacing:var( --e-global-typography-primary-word-spacing );color:var( --e-global-color-primary );}.elementor-7422 .elementor-element.elementor-element-b9bb939{text-align:center;}.elementor-7422 .elementor-element.elementor-element-b9bb939 .elementor-heading-title{font-family:\"AvenirNext_D\", Sans-serif;font-size:60px;font-weight:600;text-transform:none;font-style:normal;text-decoration:none;line-height:1.2em;letter-spacing:0px;word-spacing:0em;color:#201165;}.elementor-7422 .elementor-element.elementor-element-b9bb939 > .elementor-widget-container{margin:0px 0px 0px 0px;}.elementor-widget-text-editor{font-family:var( --e-global-typography-text-font-family ), Sans-serif;font-size:var( --e-global-typography-text-font-size );font-weight:var( --e-global-typography-text-font-weight );text-transform:var( --e-global-typography-text-text-transform );font-style:var( --e-global-typography-text-font-style );text-decoration:var( --e-global-typography-text-text-decoration );line-height:var( --e-global-typography-text-line-height );letter-spacing:var( --e-global-typography-text-letter-spacing );color:var( --e-global-color-text );}.elementor-widget-text-editor.elementor-drop-cap-view-stacked .elementor-drop-cap{background-color:var( --e-global-color-primary );}.elementor-widget-text-editor.elementor-drop-cap-view-framed .elementor-drop-cap, .elementor-widget-text-editor.elementor-drop-cap-view-default .elementor-drop-cap{color:var( --e-global-color-primary );border-color:var( --e-global-color-primary );}.elementor-7422 .elementor-element.elementor-element-7085dd0 > .elementor-widget-container{padding:30px 30px 30px 30px;background-color:#FFFFFF;border-radius:20px 20px 20px 20px;}.elementor-7422 .elementor-element.elementor-element-7085dd0{width:100%;max-width:100%;}.elementor-7422 .elementor-element.elementor-element-f4fa19d > .elementor-widget-container{padding:30px 30px 30px 30px;background-color:#FFFFFF;border-radius:20px 20px 20px 20px;}.elementor-7422 .elementor-element.elementor-element-f4fa19d{width:100%;max-width:100%;}:root{--page-title-display:none;}@media(max-width:1024px){.elementor-7422 .elementor-element.elementor-element-19d59c6{--min-height:60vh;--justify-content:flex-start;--padding-top:0%;--padding-bottom:0%;--padding-left:0%;--padding-right:0%;}.elementor-7422 .elementor-element.elementor-element-19d59c6::before, .elementor-7422 .elementor-element.elementor-element-19d59c6 > .elementor-background-video-container::before, .elementor-7422 .elementor-element.elementor-element-19d59c6 > .e-con-inner > .elementor-background-video-container::before, .elementor-7422 .elementor-element.elementor-element-19d59c6 > .elementor-background-slideshow::before, .elementor-7422 .elementor-element.elementor-element-19d59c6 > .e-con-inner > .elementor-background-slideshow::before, .elementor-7422 .elementor-element.elementor-element-19d59c6 > .elementor-motion-effects-container > .elementor-motion-effects-layer::before{background-position:-138px 80px;}.elementor-widget-heading .elementor-heading-title{font-size:var( --e-global-typography-primary-font-size );line-height:var( --e-global-typography-primary-line-height );letter-spacing:var( --e-global-typography-primary-letter-spacing );word-spacing:var( --e-global-typography-primary-word-spacing );}.elementor-7422 .elementor-element.elementor-element-b9bb939 .elementor-heading-title{font-size:50px;}.elementor-7422 .elementor-element.elementor-element-b9bb939 > .elementor-widget-container{margin:30px 30px 10px 30px;}.elementor-widget-text-editor{font-size:var( --e-global-typography-text-font-size );line-height:var( --e-global-typography-text-line-height );letter-spacing:var( --e-global-typography-text-letter-spacing );}}@media(max-width:767px){.elementor-7422 .elementor-element.elementor-element-19d59c6{--gap:15px 15px;--row-gap:15px;--column-gap:15px;--margin-top:0px;--margin-bottom:0px;--margin-left:0px;--margin-right:0px;--padding-top:0px;--padding-bottom:180px;--padding-left:0px;--padding-right:0px;}.elementor-7422 .elementor-element.elementor-element-19d59c6::before, .elementor-7422 .elementor-element.elementor-element-19d59c6 > .elementor-background-video-container::before, .elementor-7422 .elementor-element.elementor-element-19d59c6 > .e-con-inner > .elementor-background-video-container::before, .elementor-7422 .elementor-element.elementor-element-19d59c6 > .elementor-background-slideshow::before, .elementor-7422 .elementor-element.elementor-element-19d59c6 > .e-con-inner > .elementor-background-slideshow::before, .elementor-7422 .elementor-element.elementor-element-19d59c6 > .elementor-motion-effects-container > .elementor-motion-effects-layer::before{background-position:-50px 320px;}.elementor-widget-heading .elementor-heading-title{font-size:var( --e-global-typography-primary-font-size );line-height:var( --e-global-typography-primary-line-height );letter-spacing:var( --e-global-typography-primary-letter-spacing );word-spacing:var( --e-global-typography-primary-word-spacing );}.elementor-7422 .elementor-element.elementor-element-b9bb939 .elementor-heading-title{font-size:36px;line-height:1.1em;}.elementor-7422 .elementor-element.elementor-element-b9bb939 > .elementor-widget-container{margin:30px 5px 20px 5px;}.elementor-widget-text-editor{font-size:var( --e-global-typography-text-font-size );line-height:var( --e-global-typography-text-line-height );letter-spacing:var( --e-global-typography-text-letter-spacing );}}@media(min-width:768px){.elementor-7422 .elementor-element.elementor-element-19d59c6{--content-width:800px;}}@media(min-width:1025px){.elementor-7422 .elementor-element.elementor-element-19d59c6::before, .elementor-7422 .elementor-element.elementor-element-19d59c6 > .elementor-background-video-container::before, .elementor-7422 .elementor-element.elementor-element-19d59c6 > .e-con-inner > .elementor-background-video-container::before, .elementor-7422 .elementor-element.elementor-element-19d59c6 > .elementor-background-slideshow::before, .elementor-7422 .elementor-element.elementor-element-19d59c6 > .e-con-inner > .elementor-background-slideshow::before, .elementor-7422 .elementor-element.elementor-element-19d59c6 > .elementor-motion-effects-container > .elementor-motion-effects-layer::before{background-attachment:fixed;}}\/* Start custom CSS for container, class: .elementor-element-19d59c6 *\/.elementor-7422 .elementor-element.elementor-element-19d59c6 {\n    background: linear-gradient(137deg, #e7edff, #fdf9fd, #e7edff ); background-size: 600% 600%;\n\n    -webkit-animation: AnimationName 17s ease infinite;\n    -moz-animation: AnimationName 17s ease infinite;\n    animation: AnimationName 17s ease infinite;\n}\n\n@-webkit-keyframes AnimationName {\n    0%{background-position:0% 50%}\n    50%{background-position:100% 50%}\n    100%{background-position:0% 50%}\n}\n@-moz-keyframes AnimationName {\n    0%{background-position:0% 50%}\n    50%{background-position:100% 50%}\n    100%{background-position:0% 50%}\n}\n@keyframes AnimationName {\n    0%{background-position:0% 50%}\n    50%{background-position:100% 50%}\n    100%{background-position:0% 50%}\n}\n\n.elementor-7422 .elementor-element.elementor-element-19d59c6 {max-width:100% !important;}\/* End custom CSS *\/\n\/* Start Custom Fonts CSS *\/@font-face {\n\tfont-family: 'AvenirNext_D';\n\tfont-style: normal;\n\tfont-weight: normal;\n\tfont-display: auto;\n\tsrc: url('https:\/\/female-resources.de\/wp-content\/uploads\/2024\/07\/AvenirNextLTPro-Regular.woff2') format('woff2'),\n\t\turl('https:\/\/female-resources.de\/wp-content\/uploads\/2024\/07\/Avenir-Next-LT-Pro.ttf') format('truetype');\n}\n\/* End Custom Fonts CSS *\/<\/style>\t\t<div data-elementor-type=\"wp-page\" data-elementor-id=\"7422\" class=\"elementor elementor-7422\" data-elementor-post-type=\"page\">\n\t\t\t\t<div class=\"elementor-element elementor-element-19d59c6 e-flex e-con-boxed e-con e-parent\" data-id=\"19d59c6\" data-element_type=\"container\" data-e-type=\"container\" data-settings=\"{&quot;background_background&quot;:&quot;classic&quot;,&quot;jet_parallax_layout_list&quot;:[]}\">\n\t\t\t\t\t<div class=\"e-con-inner\">\n\t\t\t\t<div class=\"elementor-element elementor-element-b9bb939 animated-slow elementor-invisible elementor-widget elementor-widget-heading\" data-id=\"b9bb939\" data-element_type=\"widget\" data-e-type=\"widget\" data-settings=\"{&quot;_animation&quot;:&quot;fadeIn&quot;}\" data-widget_type=\"heading.default\">\n\t\t\t\t<div class=\"elementor-widget-container\">\n\t\t\t\t\t<h1 class=\"elementor-heading-title elementor-size-default\">Impressum<\/h1>\t\t\t\t<\/div>\n\t\t\t\t<\/div>\n\t\t\t\t<div class=\"elementor-element elementor-element-7085dd0 elementor-widget__width-inherit elementor-widget elementor-widget-text-editor\" data-id=\"7085dd0\" data-element_type=\"widget\" data-e-type=\"widget\" data-widget_type=\"text-editor.default\">\n\t\t\t\t<div class=\"elementor-widget-container\">\n\t\t\t\t\t\t\t\t\t<div class=\"page-custom-main-content\"><p><strong>HAFTUNGSAUSSCHLUSS<br \/><\/strong>Die Inhalte meiner Seiten wurden mit gr\u00f6\u00dfter Sorgfalt erstellt.<br \/>F\u00fcr die Richtigkeit, Vollst\u00e4ndigkeit und Aktualit\u00e4t der Inhalte wird jedoch keine Gew\u00e4hr \u00fcbernommen.<br \/>Als Diensteanbieter bin ich gem\u00e4\u00df \u00a7 7 Abs.1 TMG f\u00fcr eigene Inhalte auf diesen Seiten nach den allgemeinen Gesetzen verantwortlich.<br \/>Nach \u00a7\u00a7 8 bis 10 TMG bin ich als Diensteanbieterin jedoch nicht verpflichtet, \u00fcbermittelte oder gespeicherte fremde Informationen zu \u00fcberwachen oder nach Umst\u00e4nden zu forschen, die auf eine rechtswidrige T\u00e4tigkeit hinweisen.<br \/>Verpflichtungen zur Entfernung oder Sperrung der Nutzung von Informationen nach den allgemeinen Gesetzen bleiben hiervon unber\u00fchrt.<br \/>Eine diesbez\u00fcgliche Haftung ist jedoch erst ab dem Zeitpunkt der Kenntnis einer konkreten Rechtsverletzung m\u00f6glich.<br \/>Bei Bekanntwerden von entsprechenden Rechtsverletzungen werde ich diese Inhalte umgehend entfernen.<\/p><\/div><p><strong>HAFTUNG F\u00dcR LINKS<\/strong><br \/>Dieses Angebot enth\u00e4lt Links zu externen Webseiten Dritter, auf deren Inhalte ich keinen Einfluss habe.<br \/>Deshalb kann ich f\u00fcr diese fremden Inhalte auch keine Gew\u00e4hr \u00fcbernehmen.<br \/>F\u00fcr die Inhalte der verlinkten Seiten ist stets der jeweilige Anbieter oder Betreiber der Seiten verantwortlich.<br \/>Die verlinkten Seiten wurden zum Zeitpunkt der Verlinkung auf m\u00f6gliche Rechtsverst\u00f6\u00dfe \u00fcberpr\u00fcft.<br \/>Rechtswidrige Inhalte waren zum Zeitpunkt der Verlinkung nicht erkennbar.<br \/>Eine permanente inhaltliche Kontrolle der verlinkten Seiten ist jedoch ohne konkrete Anhaltspunkte einer Rechtsverletzung nicht zumutbar.<br \/>Bei Bekanntwerden von Rechtsverletzungen werde ich derartige Links umgehend entfernen.<\/p><p><strong>URHEBERRECHT<\/strong><br \/>Die durch die Seitenbetreiber erstellten Inhalte und Werke auf diesen Seiten unterliegen dem deutschen Urheberrecht.<br \/>Die Vervielf\u00e4ltigung, Bearbeitung, Verbreitung und jede Art der Verwertung au\u00dferhalb der Grenzen des Urheberrechtes bed\u00fcrfen der schriftlichen Zustimmung des jeweiligen Autors bzw. Erstellers.<br \/>Downloads und Kopien dieser Seite sind nur f\u00fcr den privaten, nicht kommerziellen Gebrauch gestattet.<br \/>Soweit die Inhalte auf dieser Seite nicht von der Betreiberin erstellt wurden, werden die Urheberrechte Dritter beachtet.<br \/>Insbesondere werden Inhalte Dritter als solche gekennzeichnet.<br \/>Sollten Sie trotzdem auf eine Urheberrechtsverletzung aufmerksam werden, bitte ich um einen entsprechenden Hinweis.<br \/>Bei Bekanntwerden von Rechtsverletzungen werden derartige Inhalte umgehend entfernt.<\/p><p><strong>BILDNACHWEIS:<\/strong><br \/>\u2013 Eigenes Bildmaterial<br \/>\u2013 Monika Nonnenmacher <a href=\"http:\/\/www.nonnenmacher-photographie.de\">www.nonnenmacher-photographie.de<\/a><br \/>\u2013 Bilder und Logos der Unternehmen und Organisationen wurden von diesen zur Verwendung freigegeben<br \/>\u2013 shutterstock<br \/>Seite \u201eStartseite\u201c \u2013 403730854 I Digital Storm<br \/>\u2013 ThinkstockPhotos<br \/>Seite \u201eFemale Resources\u201c \u2013 472049400 I lzf<br \/>Seite \u201eAndere \u00fcber uns\u201c \u2013 144110315 I Huntstock<br \/>Seite \u201eFrauenf\u00f6rderung f\u00fcr Unternehmen\u201c \u2013 80608570 I Creatas Images<br \/>Seite \u201eMentoring\u201c \u2013 526149406 I julief514<br \/>Seite \u201eAktuelles\u201c \u2013 539444012 I level17<br \/>\u2013 AdobeStock<br \/>Seite \u201eReferenzen\u201c \u2013 #78147167 I Sergey Nivens<br \/>Seite \u201eLeistungen\u201c \u2013 #112411792 I bernardbodo<br \/>Seite \u201eDas B\u00fcndnis\u201c \u2013 #76765078 I lightpoet<\/p>\t\t\t\t\t\t\t\t<\/div>\n\t\t\t\t<\/div>\n\t\t\t\t<div class=\"elementor-element elementor-element-f4fa19d elementor-widget__width-inherit elementor-widget elementor-widget-text-editor\" data-id=\"f4fa19d\" data-element_type=\"widget\" data-e-type=\"widget\" data-widget_type=\"text-editor.default\">\n\t\t\t\t<div class=\"elementor-widget-container\">\n\t\t\t\t\t\t\t\t\t<p>Angaben gem\u00e4\u00df \u00a7 5 TMG und Art. 6 DSGVO<\/p>\n<p><strong>BETREIBERIN UND KONTAKT:<\/strong><br>FEMALE RESOURCES Gender Consulting Kronenberg GmbH&nbsp;<br>Erftstr. 15-17<br>50672 K\u00f6ln<br><!-- notionvc: 541a5398-4f6c-4d86-ae07-cd50b0e3c97d -->Sitz: K\u00f6ln I HRB: 120231<\/p>\n<p><strong> VERANTWORTLICHE<\/strong>:<br>Christine Kronenberg<br>Alexander Kronenberg<br>Sophia Wischeidt<br>Erftstr. 15-17<br>50672 K\u00f6ln<br><!-- notionvc: 541a5398-4f6c-4d86-ae07-cd50b0e3c97d -->+49 152 2262 1119<br>info@female-resources.koeln <br>Steuernummer: 215\/5815\/4522<\/p>\t\t\t\t\t\t\t\t<\/div>\n\t\t\t\t<\/div>\n\t\t\t\t<div class=\"elementor-element elementor-element-5dd3fae elementor-widget elementor-widget-shortcode\" data-id=\"5dd3fae\" data-element_type=\"widget\" data-e-type=\"widget\" data-widget_type=\"shortcode.default\">\n\t\t\t\t<div class=\"elementor-widget-container\">\n\t\t\t\t\t\t\t<div class=\"elementor-shortcode\"><div class='tagembed-widget' style='width:; height:;' data-widget-id='2201259' view-url='https:\/\/widget.tagembed.com\/2201259'><\/div><\/div>\n\t\t\t\t\t\t<\/div>\n\t\t\t\t<\/div>\n\t\t\t\t\t<\/div>\n\t\t\t\t<\/div>\n\t\t\t\t<\/div>","protected":false},"excerpt":{"rendered":"<p>Impressum HAFTUNGSAUSSCHLUSSDie Inhalte meiner Seiten wurden mit gr\u00f6\u00dfter Sorgfalt erstellt.F\u00fcr die Richtigkeit, Vollst\u00e4ndigkeit und Aktualit\u00e4t der Inhalte wird jedoch keine Gew\u00e4hr \u00fcbernommen.Als Diensteanbieter bin ich gem\u00e4\u00df \u00a7 7 Abs.1 TMG f\u00fcr eigene Inhalte auf diesen Seiten nach den allgemeinen Gesetzen verantwortlich.Nach \u00a7\u00a7 8 bis 10 TMG bin ich als Diensteanbieterin jedoch nicht verpflichtet, \u00fcbermittelte oder [&hellip;]<\/p>\n","protected":false},"author":1,"featured_media":0,"parent":0,"menu_order":0,"comment_status":"closed","ping_status":"closed","template":"","meta":{"content-type":"","footnotes":""},"class_list":["post-7422","page","type-page","status-publish","hentry"],"yoast_head":"<!-- This site is optimized with the Yoast SEO plugin v27.1.1 - https:\/\/yoast.com\/product\/yoast-seo-wordpress\/ -->\n<title>Impressum | FEMALE RESOURCES<\/title>\n<meta name=\"robots\" content=\"noindex, follow\" \/>\n<meta property=\"og:locale\" content=\"en_GB\" \/>\n<meta property=\"og:type\" content=\"article\" \/>\n<meta property=\"og:title\" content=\"Impressum | FEMALE RESOURCES\" \/>\n<meta property=\"og:description\" content=\"Impressum HAFTUNGSAUSSCHLUSSDie Inhalte meiner Seiten wurden mit gr\u00f6\u00dfter Sorgfalt erstellt.F\u00fcr die Richtigkeit, Vollst\u00e4ndigkeit und Aktualit\u00e4t der Inhalte wird jedoch keine Gew\u00e4hr \u00fcbernommen.Als Diensteanbieter bin ich gem\u00e4\u00df \u00a7 7 Abs.1 TMG f\u00fcr eigene Inhalte auf diesen Seiten nach den allgemeinen Gesetzen verantwortlich.Nach \u00a7\u00a7 8 bis 10 TMG bin ich als Diensteanbieterin jedoch nicht verpflichtet, \u00fcbermittelte oder [&hellip;]\" \/>\n<meta property=\"og:url\" content=\"https:\/\/female-resources.de\/en\/impressum\/\" \/>\n<meta property=\"og:site_name\" content=\"Female Resources \u2013\u00a0Attract. Retain. Accelerate.\" \/>\n<meta property=\"article:modified_time\" content=\"2025-12-29T13:49:32+00:00\" \/>\n<meta name=\"twitter:card\" content=\"summary_large_image\" \/>\n<meta name=\"twitter:label1\" content=\"Estimated reading time\" \/>\n\t<meta name=\"twitter:data1\" content=\"3 minutes\" \/>\n<script type=\"application\/ld+json\" class=\"yoast-schema-graph\">{\"@context\":\"https:\/\/schema.org\",\"@graph\":[{\"@type\":\"WebPage\",\"@id\":\"https:\/\/female-resources.de\/impressum\/\",\"url\":\"https:\/\/female-resources.de\/impressum\/\",\"name\":\"Impressum | FEMALE RESOURCES\",\"isPartOf\":{\"@id\":\"https:\/\/female-resources.de\/#website\"},\"datePublished\":\"2024-09-18T08:54:13+00:00\",\"dateModified\":\"2025-12-29T13:49:32+00:00\",\"breadcrumb\":{\"@id\":\"https:\/\/female-resources.de\/impressum\/#breadcrumb\"},\"inLanguage\":\"en-GB\",\"potentialAction\":[{\"@type\":\"ReadAction\",\"target\":[\"https:\/\/female-resources.de\/impressum\/\"]}]},{\"@type\":\"BreadcrumbList\",\"@id\":\"https:\/\/female-resources.de\/impressum\/#breadcrumb\",\"itemListElement\":[{\"@type\":\"ListItem\",\"position\":1,\"name\":\"Startseite\",\"item\":\"https:\/\/female-resources.de\/\"},{\"@type\":\"ListItem\",\"position\":2,\"name\":\"Impressum\"}]},{\"@type\":\"WebSite\",\"@id\":\"https:\/\/female-resources.de\/#website\",\"url\":\"https:\/\/female-resources.de\/\",\"name\":\"Female Resources\",\"description\":\"Wir schaffen Unternehmen, in denen Frauen aufsteigen k\u00f6nnen und wollen.\",\"publisher\":{\"@id\":\"https:\/\/female-resources.de\/#organization\"},\"potentialAction\":[{\"@type\":\"SearchAction\",\"target\":{\"@type\":\"EntryPoint\",\"urlTemplate\":\"https:\/\/female-resources.de\/?s={search_term_string}\"},\"query-input\":{\"@type\":\"PropertyValueSpecification\",\"valueRequired\":true,\"valueName\":\"search_term_string\"}}],\"inLanguage\":\"en-GB\"},{\"@type\":\"Organization\",\"@id\":\"https:\/\/female-resources.de\/#organization\",\"name\":\"Female Resources\",\"url\":\"https:\/\/female-resources.de\/\",\"logo\":{\"@type\":\"ImageObject\",\"inLanguage\":\"en-GB\",\"@id\":\"https:\/\/female-resources.de\/#\/schema\/logo\/image\/\",\"url\":\"https:\/\/female-resources.de\/wp-content\/uploads\/2024\/06\/FR-Pink.svg\",\"contentUrl\":\"https:\/\/female-resources.de\/wp-content\/uploads\/2024\/06\/FR-Pink.svg\",\"width\":300,\"height\":100,\"caption\":\"Female Resources\"},\"image\":{\"@id\":\"https:\/\/female-resources.de\/#\/schema\/logo\/image\/\"}}]}<\/script>\n<!-- \/ Yoast SEO plugin. -->","yoast_head_json":{"title":"Impressum | FEMALE RESOURCES","robots":{"index":"noindex","follow":"follow"},"og_locale":"en_GB","og_type":"article","og_title":"Impressum | FEMALE RESOURCES","og_description":"Impressum HAFTUNGSAUSSCHLUSSDie Inhalte meiner Seiten wurden mit gr\u00f6\u00dfter Sorgfalt erstellt.F\u00fcr die Richtigkeit, Vollst\u00e4ndigkeit und Aktualit\u00e4t der Inhalte wird jedoch keine Gew\u00e4hr \u00fcbernommen.Als Diensteanbieter bin ich gem\u00e4\u00df \u00a7 7 Abs.1 TMG f\u00fcr eigene Inhalte auf diesen Seiten nach den allgemeinen Gesetzen verantwortlich.Nach \u00a7\u00a7 8 bis 10 TMG bin ich als Diensteanbieterin jedoch nicht verpflichtet, \u00fcbermittelte oder [&hellip;]","og_url":"https:\/\/female-resources.de\/en\/impressum\/","og_site_name":"Female Resources \u2013\u00a0Attract. Retain. Accelerate.","article_modified_time":"2025-12-29T13:49:32+00:00","twitter_card":"summary_large_image","twitter_misc":{"Estimated reading time":"3 minutes"},"schema":{"@context":"https:\/\/schema.org","@graph":[{"@type":"WebPage","@id":"https:\/\/female-resources.de\/impressum\/","url":"https:\/\/female-resources.de\/impressum\/","name":"Impressum | FEMALE RESOURCES","isPartOf":{"@id":"https:\/\/female-resources.de\/#website"},"datePublished":"2024-09-18T08:54:13+00:00","dateModified":"2025-12-29T13:49:32+00:00","breadcrumb":{"@id":"https:\/\/female-resources.de\/impressum\/#breadcrumb"},"inLanguage":"en-GB","potentialAction":[{"@type":"ReadAction","target":["https:\/\/female-resources.de\/impressum\/"]}]},{"@type":"BreadcrumbList","@id":"https:\/\/female-resources.de\/impressum\/#breadcrumb","itemListElement":[{"@type":"ListItem","position":1,"name":"Startseite","item":"https:\/\/female-resources.de\/"},{"@type":"ListItem","position":2,"name":"Impressum"}]},{"@type":"WebSite","@id":"https:\/\/female-resources.de\/#website","url":"https:\/\/female-resources.de\/","name":"Female Resources","description":"Wir schaffen Unternehmen, in denen Frauen aufsteigen k\u00f6nnen und wollen.","publisher":{"@id":"https:\/\/female-resources.de\/#organization"},"potentialAction":[{"@type":"SearchAction","target":{"@type":"EntryPoint","urlTemplate":"https:\/\/female-resources.de\/?s={search_term_string}"},"query-input":{"@type":"PropertyValueSpecification","valueRequired":true,"valueName":"search_term_string"}}],"inLanguage":"en-GB"},{"@type":"Organization","@id":"https:\/\/female-resources.de\/#organization","name":"Female Resources","url":"https:\/\/female-resources.de\/","logo":{"@type":"ImageObject","inLanguage":"en-GB","@id":"https:\/\/female-resources.de\/#\/schema\/logo\/image\/","url":"https:\/\/female-resources.de\/wp-content\/uploads\/2024\/06\/FR-Pink.svg","contentUrl":"https:\/\/female-resources.de\/wp-content\/uploads\/2024\/06\/FR-Pink.svg","width":300,"height":100,"caption":"Female Resources"},"image":{"@id":"https:\/\/female-resources.de\/#\/schema\/logo\/image\/"}}]}},"_links":{"self":[{"href":"https:\/\/female-resources.de\/en\/wp-json\/wp\/v2\/pages\/7422","targetHints":{"allow":["GET"]}}],"collection":[{"href":"https:\/\/female-resources.de\/en\/wp-json\/wp\/v2\/pages"}],"about":[{"href":"https:\/\/female-resources.de\/en\/wp-json\/wp\/v2\/types\/page"}],"author":[{"embeddable":true,"href":"https:\/\/female-resources.de\/en\/wp-json\/wp\/v2\/users\/1"}],"replies":[{"embeddable":true,"href":"https:\/\/female-resources.de\/en\/wp-json\/wp\/v2\/comments?post=7422"}],"version-history":[{"count":0,"href":"https:\/\/female-resources.de\/en\/wp-json\/wp\/v2\/pages\/7422\/revisions"}],"wp:attachment":[{"href":"https:\/\/female-resources.de\/en\/wp-json\/wp\/v2\/media?parent=7422"}],"curies":[{"name":"wp","href":"https:\/\/api.w.org\/{rel}","templated":true}]}}